{"id":66,"date":"2025-10-30T13:41:26","date_gmt":"2025-10-30T13:41:26","guid":{"rendered":"https:\/\/astroclavis.com\/?page_id=66"},"modified":"2026-04-14T16:00:09","modified_gmt":"2026-04-14T16:00:09","slug":"articole","status":"publish","type":"page","link":"https:\/\/astroclavis.com\/?page_id=66","title":{"rendered":"Numerologie"},"content":{"rendered":"\n<h2 style=\"opacity: 0;\" superb-addons-animation=\"zoomIn\" class=\"wp-block-heading has-text-align-center\"><strong>\u2728 NUMEROLOGIE &#8211; MATRICEA DESTINULUI\u2014 Codurile secrete ale sufletului t\u0103u<\/strong><\/h2>\n\n\n\n<p><\/p>\n\n\n\n<p><\/p>\n\n\n\n<p class=\"has-text-align-left\"><strong>Numerologia este limbajul subtil prin care Universul \u00ee\u021bi vorbe\u0219te.<br>Nu prin coinciden\u021be, nu prin \u00eent\u00e2mpl\u0103ri, ci prin numerele care \u00ee\u021bi definesc destinul.<br>Ele \u00ee\u021bi contureaz\u0103 poten\u021bialul, lec\u021biile, provoc\u0103rile \u0219i tiparele care \u00ee\u021bi modeleaz\u0103 via\u021ba.<\/strong><\/p>\n\n\n\n<p><strong>\u00cen numerologie nu exist\u0103 ocoli\u0219uri.<br>Exist\u0103 adev\u0103r pur, tradus \u00een vibra\u021bii.<\/strong><\/p>\n\n\n\n<p class=\"has-text-align-center\"><strong>Ce \u00ee\u021bi dezv\u0103luie o analiz\u0103 numerologic\u0103:<\/strong><\/p>\n\n\n\n<ul class=\"wp-block-list\">\n<li><strong>Num\u0103rul t\u0103u de destin si directia majora a vietii tale<\/strong><\/li>\n\n\n\n<li><strong>Num\u0103rul sufletului<\/strong><strong> \u2014 dorin\u021bele tale profunde, cele pe care nu le roste\u0219ti<\/strong><\/li>\n\n\n\n<li><strong>Num\u0103rul personalit\u0103\u021bii<\/strong><strong> \u2014 ce vede lumea \u00een tine \u0219i cum e\u0219ti perceput(\u0103)<\/strong><\/li>\n\n\n\n<li><strong>Karma<\/strong><strong>: lec\u021biile nevindecate \u0219i ciclurile care se repet\u0103<\/strong><\/li>\n\n\n\n<li><strong>Compatibilit\u0103\u021bi numerologice<\/strong><strong> \u2014 cine te sus\u021bine, cine te provoac\u0103, cine te activeaz\u0103<\/strong><\/li>\n\n\n\n<li><strong>Anul personal<\/strong><strong> \u2014 cum se schimb\u0103 energia vie\u021bii tale de la un an la altul<\/strong><\/li>\n\n\n\n<li><strong>Luni, zile \u0219i perioade favorabile<\/strong><strong> pentru decizii, rela\u021bii, bani, schimb\u0103ri<\/strong><\/li>\n\n\n\n<li><strong>Blocaje ascunse<\/strong><strong> \u0219i poten\u021bial nefolosit<\/strong><\/li>\n\n\n\n<li><strong>Drumul t\u0103u interior<\/strong><strong> \u0219i modul \u00een care po\u021bi transforma cifrele \u00een putere real\u0103<\/strong><\/li>\n<\/ul>\n\n\n\n<p class=\"has-text-align-center\"><strong>Numerologia nu prezice viitorul.<br>\u00ce\u021bi arat\u0103 harta vibra\u021bional\u0103 cu care ai venit pe lume.<br>Un sistem precis, elegant, care \u00ee\u021bi clarific\u0103 de ce sim\u021bi, atragi \u0219i tr\u0103ie\u0219ti exact ceea ce tr\u0103ie\u0219ti.<\/strong><\/p>\n\n\n\n<p><strong>De ce func\u021bioneaz\u0103?<\/strong><\/p>\n\n\n\n<p><strong>Pentru c\u0103 fiecare num\u0103r este o frecven\u021b\u0103,<br>iar fiecare frecven\u021b\u0103 te modeleaz\u0103 subtil:<br>\u00een rela\u021bii, \u00een bani, \u00een alegeri, \u00een identitate.<\/strong><\/p>\n\n\n\n<p><strong>C\u00e2nd le descifrezi, nu te mai lup\u021bi cu via\u021ba.<br>Te sincronizezi cu vibra\u021bia ta natural\u0103.<\/strong><\/p>\n\n\n\n<p><strong>Cu numerologia po\u021bi transforma:<\/strong><\/p>\n\n\n\n<p><strong>\u2022 haosul \u00een sens<br>\u2022 rela\u021biile \u00een conexiuni reale<br>\u2022 blocajele \u00een lec\u021bii integrate<br>\u2022 poten\u021bialul \u00een rezultate vizibile<\/strong><\/p>\n\n\n\n<p><strong>Adev\u0103rul este simplu:<br>Sufletul t\u0103u vorbe\u0219te \u00een numere.<br>Eu sunt aici s\u0103 le traduc \u00een claritate \u0219i direc\u021bie.<\/strong><\/p>\n\n\n\n<p><\/p>\n","protected":false},"excerpt":{"rendered":"<p>\u2728 NUMEROLOGIE &#8211; MATRICEA DESTINULUI\u2014 Codurile secrete ale sufletului t\u0103u Numerologia este limbajul subtil prin care Universul \u00ee\u021bi vorbe\u0219te.Nu prin coinciden\u021be, nu prin \u00eent\u00e2mpl\u0103ri, ci prin numerele care \u00ee\u021bi definesc destinul.Ele \u00ee\u021bi contureaz\u0103 poten\u021bialul, lec\u021biile, provoc\u0103rile \u0219i tiparele care \u00ee\u021bi modeleaz\u0103 via\u021ba. \u00cen numerologie nu exist\u0103 ocoli\u0219uri.Exist\u0103 adev\u0103r pur, tradus \u00een vibra\u021bii. Ce \u00ee\u021bi dezv\u0103luie [&hellip;]<\/p>\n","protected":false},"author":1,"featured_media":0,"parent":0,"menu_order":0,"comment_status":"closed","ping_status":"closed","template":"","meta":{"footnotes":""},"class_list":["post-66","page","type-page","status-publish","hentry"],"yoast_head":"<!-- This site is optimized with the Yoast SEO plugin v27.4 - https:\/\/yoast.com\/product\/yoast-seo-wordpress\/ -->\n<title>Numerologie - Astro Clavis<\/title>\n<meta name=\"robots\" content=\"index, follow, max-snippet:-1, max-image-preview:large, max-video-preview:-1\" \/>\n<link rel=\"canonical\" href=\"https:\/\/astroclavis.com\/?page_id=66\" \/>\n<meta property=\"og:locale\" content=\"en_US\" \/>\n<meta property=\"og:type\" content=\"article\" \/>\n<meta property=\"og:title\" content=\"Numerologie - Astro Clavis\" \/>\n<meta property=\"og:description\" content=\"\u2728 NUMEROLOGIE &#8211; MATRICEA DESTINULUI\u2014 Codurile secrete ale sufletului t\u0103u Numerologia este limbajul subtil prin care Universul \u00ee\u021bi vorbe\u0219te.Nu prin coinciden\u021be, nu prin \u00eent\u00e2mpl\u0103ri, ci prin numerele care \u00ee\u021bi definesc destinul.Ele \u00ee\u021bi contureaz\u0103 poten\u021bialul, lec\u021biile, provoc\u0103rile \u0219i tiparele care \u00ee\u021bi modeleaz\u0103 via\u021ba. \u00cen numerologie nu exist\u0103 ocoli\u0219uri.Exist\u0103 adev\u0103r pur, tradus \u00een vibra\u021bii. Ce \u00ee\u021bi dezv\u0103luie [&hellip;]\" \/>\n<meta property=\"og:url\" content=\"https:\/\/astroclavis.com\/?page_id=66\" \/>\n<meta property=\"og:site_name\" content=\"Astro Clavis\" \/>\n<meta property=\"article:modified_time\" content=\"2026-04-14T16:00:09+00:00\" \/>\n<meta name=\"twitter:card\" content=\"summary_large_image\" \/>\n<meta name=\"twitter:label1\" content=\"Est. reading time\" \/>\n\t<meta name=\"twitter:data1\" content=\"2 minutes\" \/>\n<script type=\"application\/ld+json\" class=\"yoast-schema-graph\">{\"@context\":\"https:\\\/\\\/schema.org\",\"@graph\":[{\"@type\":\"WebPage\",\"@id\":\"https:\\\/\\\/astroclavis.com\\\/?page_id=66\",\"url\":\"https:\\\/\\\/astroclavis.com\\\/?page_id=66\",\"name\":\"Numerologie - Astro Clavis\",\"isPartOf\":{\"@id\":\"https:\\\/\\\/astroclavis.com\\\/#website\"},\"datePublished\":\"2025-10-30T13:41:26+00:00\",\"dateModified\":\"2026-04-14T16:00:09+00:00\",\"breadcrumb\":{\"@id\":\"https:\\\/\\\/astroclavis.com\\\/?page_id=66#breadcrumb\"},\"inLanguage\":\"en-US\",\"potentialAction\":[{\"@type\":\"ReadAction\",\"target\":[\"https:\\\/\\\/astroclavis.com\\\/?page_id=66\"]}]},{\"@type\":\"BreadcrumbList\",\"@id\":\"https:\\\/\\\/astroclavis.com\\\/?page_id=66#breadcrumb\",\"itemListElement\":[{\"@type\":\"ListItem\",\"position\":1,\"name\":\"Home\",\"item\":\"https:\\\/\\\/astroclavis.com\\\/\"},{\"@type\":\"ListItem\",\"position\":2,\"name\":\"Numerologie\"}]},{\"@type\":\"WebSite\",\"@id\":\"https:\\\/\\\/astroclavis.com\\\/#website\",\"url\":\"https:\\\/\\\/astroclavis.com\\\/\",\"name\":\"Astro Clavis\",\"description\":\"Clavis Astro\",\"publisher\":{\"@id\":\"https:\\\/\\\/astroclavis.com\\\/#organization\"},\"potentialAction\":[{\"@type\":\"SearchAction\",\"target\":{\"@type\":\"EntryPoint\",\"urlTemplate\":\"https:\\\/\\\/astroclavis.com\\\/?s={search_term_string}\"},\"query-input\":{\"@type\":\"PropertyValueSpecification\",\"valueRequired\":true,\"valueName\":\"search_term_string\"}}],\"inLanguage\":\"en-US\"},{\"@type\":\"Organization\",\"@id\":\"https:\\\/\\\/astroclavis.com\\\/#organization\",\"name\":\"Astro Clavis\",\"url\":\"https:\\\/\\\/astroclavis.com\\\/\",\"logo\":{\"@type\":\"ImageObject\",\"inLanguage\":\"en-US\",\"@id\":\"https:\\\/\\\/astroclavis.com\\\/#\\\/schema\\\/logo\\\/image\\\/\",\"url\":\"https:\\\/\\\/astroclavis.com\\\/wp-content\\\/uploads\\\/2025\\\/12\\\/cropped-cropped-WhatsApp-Image-2025-11-23-at-12.28.38_9998251e-1.jpg\",\"contentUrl\":\"https:\\\/\\\/astroclavis.com\\\/wp-content\\\/uploads\\\/2025\\\/12\\\/cropped-cropped-WhatsApp-Image-2025-11-23-at-12.28.38_9998251e-1.jpg\",\"width\":1023,\"height\":733,\"caption\":\"Astro Clavis\"},\"image\":{\"@id\":\"https:\\\/\\\/astroclavis.com\\\/#\\\/schema\\\/logo\\\/image\\\/\"}}]}<\/script>\n<!-- \/ Yoast SEO plugin. -->","yoast_head_json":{"title":"Numerologie - Astro Clavis","robots":{"index":"index","follow":"follow","max-snippet":"max-snippet:-1","max-image-preview":"max-image-preview:large","max-video-preview":"max-video-preview:-1"},"canonical":"https:\/\/astroclavis.com\/?page_id=66","og_locale":"en_US","og_type":"article","og_title":"Numerologie - Astro Clavis","og_description":"\u2728 NUMEROLOGIE &#8211; MATRICEA DESTINULUI\u2014 Codurile secrete ale sufletului t\u0103u Numerologia este limbajul subtil prin care Universul \u00ee\u021bi vorbe\u0219te.Nu prin coinciden\u021be, nu prin \u00eent\u00e2mpl\u0103ri, ci prin numerele care \u00ee\u021bi definesc destinul.Ele \u00ee\u021bi contureaz\u0103 poten\u021bialul, lec\u021biile, provoc\u0103rile \u0219i tiparele care \u00ee\u021bi modeleaz\u0103 via\u021ba. \u00cen numerologie nu exist\u0103 ocoli\u0219uri.Exist\u0103 adev\u0103r pur, tradus \u00een vibra\u021bii. Ce \u00ee\u021bi dezv\u0103luie [&hellip;]","og_url":"https:\/\/astroclavis.com\/?page_id=66","og_site_name":"Astro Clavis","article_modified_time":"2026-04-14T16:00:09+00:00","twitter_card":"summary_large_image","twitter_misc":{"Est. reading time":"2 minutes"},"schema":{"@context":"https:\/\/schema.org","@graph":[{"@type":"WebPage","@id":"https:\/\/astroclavis.com\/?page_id=66","url":"https:\/\/astroclavis.com\/?page_id=66","name":"Numerologie - Astro Clavis","isPartOf":{"@id":"https:\/\/astroclavis.com\/#website"},"datePublished":"2025-10-30T13:41:26+00:00","dateModified":"2026-04-14T16:00:09+00:00","breadcrumb":{"@id":"https:\/\/astroclavis.com\/?page_id=66#breadcrumb"},"inLanguage":"en-US","potentialAction":[{"@type":"ReadAction","target":["https:\/\/astroclavis.com\/?page_id=66"]}]},{"@type":"BreadcrumbList","@id":"https:\/\/astroclavis.com\/?page_id=66#breadcrumb","itemListElement":[{"@type":"ListItem","position":1,"name":"Home","item":"https:\/\/astroclavis.com\/"},{"@type":"ListItem","position":2,"name":"Numerologie"}]},{"@type":"WebSite","@id":"https:\/\/astroclavis.com\/#website","url":"https:\/\/astroclavis.com\/","name":"Astro Clavis","description":"Clavis Astro","publisher":{"@id":"https:\/\/astroclavis.com\/#organization"},"potentialAction":[{"@type":"SearchAction","target":{"@type":"EntryPoint","urlTemplate":"https:\/\/astroclavis.com\/?s={search_term_string}"},"query-input":{"@type":"PropertyValueSpecification","valueRequired":true,"valueName":"search_term_string"}}],"inLanguage":"en-US"},{"@type":"Organization","@id":"https:\/\/astroclavis.com\/#organization","name":"Astro Clavis","url":"https:\/\/astroclavis.com\/","logo":{"@type":"ImageObject","inLanguage":"en-US","@id":"https:\/\/astroclavis.com\/#\/schema\/logo\/image\/","url":"https:\/\/astroclavis.com\/wp-content\/uploads\/2025\/12\/cropped-cropped-WhatsApp-Image-2025-11-23-at-12.28.38_9998251e-1.jpg","contentUrl":"https:\/\/astroclavis.com\/wp-content\/uploads\/2025\/12\/cropped-cropped-WhatsApp-Image-2025-11-23-at-12.28.38_9998251e-1.jpg","width":1023,"height":733,"caption":"Astro Clavis"},"image":{"@id":"https:\/\/astroclavis.com\/#\/schema\/logo\/image\/"}}]}},"_links":{"self":[{"href":"https:\/\/astroclavis.com\/index.php?rest_route=\/wp\/v2\/pages\/66","targetHints":{"allow":["GET"]}}],"collection":[{"href":"https:\/\/astroclavis.com\/index.php?rest_route=\/wp\/v2\/pages"}],"about":[{"href":"https:\/\/astroclavis.com\/index.php?rest_route=\/wp\/v2\/types\/page"}],"author":[{"embeddable":true,"href":"https:\/\/astroclavis.com\/index.php?rest_route=\/wp\/v2\/users\/1"}],"replies":[{"embeddable":true,"href":"https:\/\/astroclavis.com\/index.php?rest_route=%2Fwp%2Fv2%2Fcomments&post=66"}],"version-history":[{"count":7,"href":"https:\/\/astroclavis.com\/index.php?rest_route=\/wp\/v2\/pages\/66\/revisions"}],"predecessor-version":[{"id":182,"href":"https:\/\/astroclavis.com\/index.php?rest_route=\/wp\/v2\/pages\/66\/revisions\/182"}],"wp:attachment":[{"href":"https:\/\/astroclavis.com\/index.php?rest_route=%2Fwp%2Fv2%2Fmedia&parent=66"}],"curies":[{"name":"wp","href":"https:\/\/api.w.org\/{rel}","templated":true}]}}