{"id":55,"date":"2025-10-30T13:40:07","date_gmt":"2025-10-30T13:40:07","guid":{"rendered":"https:\/\/astroclavis.com\/?page_id=55"},"modified":"2026-04-14T16:36:33","modified_gmt":"2026-04-14T16:36:33","slug":"despre-mine","status":"publish","type":"page","link":"https:\/\/astroclavis.com\/?page_id=55","title":{"rendered":"Despre Mine"},"content":{"rendered":"\n<h2 style=\"opacity: 0;\" superb-addons-animation=\"zoomIn\" class=\"wp-block-heading has-text-align-center\"><strong>\u2728 AstroClavis<\/strong> &#8211; Livia V. &amp; Nicole I.<\/h2>\n\n\n\n<p><\/p>\n\n\n\n<p class=\"has-text-align-center\"><strong>Portalul elegant al transform\u0103rii tale reale<\/strong><\/p>\n\n\n\n<p>Bine ai venit \u00een spa\u021biul \u00een care destinul se activeaz\u0103, iar adev\u0103rul t\u0103u interior cap\u0103t\u0103 form\u0103.<br>AstroClavis este un sanctuar premium pentru cei care caut\u0103 claritate, direc\u021bie \u0219i putere real\u0103.<\/p>\n\n\n\n<p>Aici lucrez cu tine prin:<\/p>\n\n\n\n<p><strong>\u2022 Consiliere &amp; Dezvoltare Personal\u0103<\/strong><br>Pentru cei preg\u0103ti\u021bi s\u0103 fac\u0103 pasul spre urm\u0103torul lor nivel ,prin descoperirea puterii interioare.<\/p>\n\n\n\n<p><strong>\u2022 H\u0103r\u021bi natale &amp; Analize astrologice<\/strong><br>Deschidem codurile autentice ale personalit\u0103\u021bii \u0219i destinului t\u0103u.<\/p>\n\n\n\n<p><strong>\u2022 Qi Men Dun Jia &amp; Metafizic\u0103 chinez\u0103<\/strong><br>Strategii, r\u0103spunsuri, timing \u0219i alinieri de destin.<\/p>\n\n\n\n<p><strong>\u2022 Tarot &amp; Citiri intuitive din Akasha<\/strong><br>Mesaje clare, elegante \u0219i precise, f\u0103r\u0103 perdea.<\/p>\n\n\n\n<p><strong>\u2022 Numerologie avansat\u0103 &amp; Matricea Destinului<\/strong><br>Compatibilit\u0103\u021bi, cicluri, karm\u0103, poten\u021bial, activ\u0103ri.<\/p>\n\n\n\n<p><strong>\u2022 Feng Shui aplicat<\/strong><br>Armonizarea spa\u021biului t\u0103u pentru bani, iubire \u0219i succes.<\/p>\n\n\n\n<p><strong>\u2022 Programe &amp; Abonamente premium<\/strong><br>Ghidaj continuu, transformare constant\u0103, rezultate vizibile.<\/p>\n\n\n\n<p><strong>\u2022 Ritualuri &amp; activ\u0103ri energetice<\/strong><br>Cur\u0103\u021b\u0103ri, deschideri de drumuri, claritate, protec\u021bie, destin.<\/p>\n\n\n\n<p>AstroClavis nu este doar un serviciu.<br>Este o experien\u021b\u0103.<br>Un portal.<br>Un upgrade al \u00eentregii tale vie\u021bi.<\/p>\n\n\n\n<p class=\"has-text-align-center\"><strong>AstroClavis este locul unde adev\u0103rul energetic se dezv\u0103luie, iar destinul se activeaz\u0103 cu fine\u021be, claritate \u0219i direc\u021bie.<\/strong><\/p>\n\n\n\n<p><\/p>\n\n\n\n<p><\/p>\n","protected":false},"excerpt":{"rendered":"<p>\u2728 AstroClavis &#8211; Livia V. &amp; Nicole I. Portalul elegant al transform\u0103rii tale reale Bine ai venit \u00een spa\u021biul \u00een care destinul se activeaz\u0103, iar adev\u0103rul t\u0103u interior cap\u0103t\u0103 form\u0103.AstroClavis este un sanctuar premium pentru cei care caut\u0103 claritate, direc\u021bie \u0219i putere real\u0103. Aici lucrez cu tine prin: \u2022 Consiliere &amp; Dezvoltare Personal\u0103Pentru cei preg\u0103ti\u021bi [&hellip;]<\/p>\n","protected":false},"author":2,"featured_media":0,"parent":0,"menu_order":0,"comment_status":"closed","ping_status":"closed","template":"","meta":{"footnotes":""},"class_list":["post-55","page","type-page","status-publish","hentry"],"yoast_head":"<!-- This site is optimized with the Yoast SEO plugin v27.4 - https:\/\/yoast.com\/product\/yoast-seo-wordpress\/ -->\n<title>Despre Mine - Astro Clavis<\/title>\n<meta name=\"robots\" content=\"index, follow, max-snippet:-1, max-image-preview:large, max-video-preview:-1\" \/>\n<link rel=\"canonical\" href=\"https:\/\/astroclavis.com\/?page_id=55\" \/>\n<meta property=\"og:locale\" content=\"en_US\" \/>\n<meta property=\"og:type\" content=\"article\" \/>\n<meta property=\"og:title\" content=\"Despre Mine - Astro Clavis\" \/>\n<meta property=\"og:description\" content=\"\u2728 AstroClavis &#8211; Livia V. &amp; Nicole I. Portalul elegant al transform\u0103rii tale reale Bine ai venit \u00een spa\u021biul \u00een care destinul se activeaz\u0103, iar adev\u0103rul t\u0103u interior cap\u0103t\u0103 form\u0103.AstroClavis este un sanctuar premium pentru cei care caut\u0103 claritate, direc\u021bie \u0219i putere real\u0103. Aici lucrez cu tine prin: \u2022 Consiliere &amp; Dezvoltare Personal\u0103Pentru cei preg\u0103ti\u021bi [&hellip;]\" \/>\n<meta property=\"og:url\" content=\"https:\/\/astroclavis.com\/?page_id=55\" \/>\n<meta property=\"og:site_name\" content=\"Astro Clavis\" \/>\n<meta property=\"article:modified_time\" content=\"2026-04-14T16:36:33+00:00\" \/>\n<meta name=\"twitter:card\" content=\"summary_large_image\" \/>\n<meta name=\"twitter:label1\" content=\"Est. reading time\" \/>\n\t<meta name=\"twitter:data1\" content=\"1 minute\" \/>\n<script type=\"application\/ld+json\" class=\"yoast-schema-graph\">{\"@context\":\"https:\\\/\\\/schema.org\",\"@graph\":[{\"@type\":\"WebPage\",\"@id\":\"https:\\\/\\\/astroclavis.com\\\/?page_id=55\",\"url\":\"https:\\\/\\\/astroclavis.com\\\/?page_id=55\",\"name\":\"Despre Mine - Astro Clavis\",\"isPartOf\":{\"@id\":\"https:\\\/\\\/astroclavis.com\\\/#website\"},\"datePublished\":\"2025-10-30T13:40:07+00:00\",\"dateModified\":\"2026-04-14T16:36:33+00:00\",\"breadcrumb\":{\"@id\":\"https:\\\/\\\/astroclavis.com\\\/?page_id=55#breadcrumb\"},\"inLanguage\":\"en-US\",\"potentialAction\":[{\"@type\":\"ReadAction\",\"target\":[\"https:\\\/\\\/astroclavis.com\\\/?page_id=55\"]}]},{\"@type\":\"BreadcrumbList\",\"@id\":\"https:\\\/\\\/astroclavis.com\\\/?page_id=55#breadcrumb\",\"itemListElement\":[{\"@type\":\"ListItem\",\"position\":1,\"name\":\"Home\",\"item\":\"https:\\\/\\\/astroclavis.com\\\/\"},{\"@type\":\"ListItem\",\"position\":2,\"name\":\"Despre Mine\"}]},{\"@type\":\"WebSite\",\"@id\":\"https:\\\/\\\/astroclavis.com\\\/#website\",\"url\":\"https:\\\/\\\/astroclavis.com\\\/\",\"name\":\"Astro Clavis\",\"description\":\"Clavis Astro\",\"publisher\":{\"@id\":\"https:\\\/\\\/astroclavis.com\\\/#organization\"},\"potentialAction\":[{\"@type\":\"SearchAction\",\"target\":{\"@type\":\"EntryPoint\",\"urlTemplate\":\"https:\\\/\\\/astroclavis.com\\\/?s={search_term_string}\"},\"query-input\":{\"@type\":\"PropertyValueSpecification\",\"valueRequired\":true,\"valueName\":\"search_term_string\"}}],\"inLanguage\":\"en-US\"},{\"@type\":\"Organization\",\"@id\":\"https:\\\/\\\/astroclavis.com\\\/#organization\",\"name\":\"Astro Clavis\",\"url\":\"https:\\\/\\\/astroclavis.com\\\/\",\"logo\":{\"@type\":\"ImageObject\",\"inLanguage\":\"en-US\",\"@id\":\"https:\\\/\\\/astroclavis.com\\\/#\\\/schema\\\/logo\\\/image\\\/\",\"url\":\"https:\\\/\\\/astroclavis.com\\\/wp-content\\\/uploads\\\/2025\\\/12\\\/cropped-cropped-WhatsApp-Image-2025-11-23-at-12.28.38_9998251e-1.jpg\",\"contentUrl\":\"https:\\\/\\\/astroclavis.com\\\/wp-content\\\/uploads\\\/2025\\\/12\\\/cropped-cropped-WhatsApp-Image-2025-11-23-at-12.28.38_9998251e-1.jpg\",\"width\":1023,\"height\":733,\"caption\":\"Astro Clavis\"},\"image\":{\"@id\":\"https:\\\/\\\/astroclavis.com\\\/#\\\/schema\\\/logo\\\/image\\\/\"}}]}<\/script>\n<!-- \/ Yoast SEO plugin. -->","yoast_head_json":{"title":"Despre Mine - Astro Clavis","robots":{"index":"index","follow":"follow","max-snippet":"max-snippet:-1","max-image-preview":"max-image-preview:large","max-video-preview":"max-video-preview:-1"},"canonical":"https:\/\/astroclavis.com\/?page_id=55","og_locale":"en_US","og_type":"article","og_title":"Despre Mine - Astro Clavis","og_description":"\u2728 AstroClavis &#8211; Livia V. &amp; Nicole I. Portalul elegant al transform\u0103rii tale reale Bine ai venit \u00een spa\u021biul \u00een care destinul se activeaz\u0103, iar adev\u0103rul t\u0103u interior cap\u0103t\u0103 form\u0103.AstroClavis este un sanctuar premium pentru cei care caut\u0103 claritate, direc\u021bie \u0219i putere real\u0103. Aici lucrez cu tine prin: \u2022 Consiliere &amp; Dezvoltare Personal\u0103Pentru cei preg\u0103ti\u021bi [&hellip;]","og_url":"https:\/\/astroclavis.com\/?page_id=55","og_site_name":"Astro Clavis","article_modified_time":"2026-04-14T16:36:33+00:00","twitter_card":"summary_large_image","twitter_misc":{"Est. reading time":"1 minute"},"schema":{"@context":"https:\/\/schema.org","@graph":[{"@type":"WebPage","@id":"https:\/\/astroclavis.com\/?page_id=55","url":"https:\/\/astroclavis.com\/?page_id=55","name":"Despre Mine - Astro Clavis","isPartOf":{"@id":"https:\/\/astroclavis.com\/#website"},"datePublished":"2025-10-30T13:40:07+00:00","dateModified":"2026-04-14T16:36:33+00:00","breadcrumb":{"@id":"https:\/\/astroclavis.com\/?page_id=55#breadcrumb"},"inLanguage":"en-US","potentialAction":[{"@type":"ReadAction","target":["https:\/\/astroclavis.com\/?page_id=55"]}]},{"@type":"BreadcrumbList","@id":"https:\/\/astroclavis.com\/?page_id=55#breadcrumb","itemListElement":[{"@type":"ListItem","position":1,"name":"Home","item":"https:\/\/astroclavis.com\/"},{"@type":"ListItem","position":2,"name":"Despre Mine"}]},{"@type":"WebSite","@id":"https:\/\/astroclavis.com\/#website","url":"https:\/\/astroclavis.com\/","name":"Astro Clavis","description":"Clavis Astro","publisher":{"@id":"https:\/\/astroclavis.com\/#organization"},"potentialAction":[{"@type":"SearchAction","target":{"@type":"EntryPoint","urlTemplate":"https:\/\/astroclavis.com\/?s={search_term_string}"},"query-input":{"@type":"PropertyValueSpecification","valueRequired":true,"valueName":"search_term_string"}}],"inLanguage":"en-US"},{"@type":"Organization","@id":"https:\/\/astroclavis.com\/#organization","name":"Astro Clavis","url":"https:\/\/astroclavis.com\/","logo":{"@type":"ImageObject","inLanguage":"en-US","@id":"https:\/\/astroclavis.com\/#\/schema\/logo\/image\/","url":"https:\/\/astroclavis.com\/wp-content\/uploads\/2025\/12\/cropped-cropped-WhatsApp-Image-2025-11-23-at-12.28.38_9998251e-1.jpg","contentUrl":"https:\/\/astroclavis.com\/wp-content\/uploads\/2025\/12\/cropped-cropped-WhatsApp-Image-2025-11-23-at-12.28.38_9998251e-1.jpg","width":1023,"height":733,"caption":"Astro Clavis"},"image":{"@id":"https:\/\/astroclavis.com\/#\/schema\/logo\/image\/"}}]}},"_links":{"self":[{"href":"https:\/\/astroclavis.com\/index.php?rest_route=\/wp\/v2\/pages\/55","targetHints":{"allow":["GET"]}}],"collection":[{"href":"https:\/\/astroclavis.com\/index.php?rest_route=\/wp\/v2\/pages"}],"about":[{"href":"https:\/\/astroclavis.com\/index.php?rest_route=\/wp\/v2\/types\/page"}],"author":[{"embeddable":true,"href":"https:\/\/astroclavis.com\/index.php?rest_route=\/wp\/v2\/users\/2"}],"replies":[{"embeddable":true,"href":"https:\/\/astroclavis.com\/index.php?rest_route=%2Fwp%2Fv2%2Fcomments&post=55"}],"version-history":[{"count":11,"href":"https:\/\/astroclavis.com\/index.php?rest_route=\/wp\/v2\/pages\/55\/revisions"}],"predecessor-version":[{"id":204,"href":"https:\/\/astroclavis.com\/index.php?rest_route=\/wp\/v2\/pages\/55\/revisions\/204"}],"wp:attachment":[{"href":"https:\/\/astroclavis.com\/index.php?rest_route=%2Fwp%2Fv2%2Fmedia&parent=55"}],"curies":[{"name":"wp","href":"https:\/\/api.w.org\/{rel}","templated":true}]}}