{"id":191,"date":"2026-04-14T16:12:05","date_gmt":"2026-04-14T16:12:05","guid":{"rendered":"https:\/\/astroclavis.com\/?page_id=191"},"modified":"2026-04-14T16:18:59","modified_gmt":"2026-04-14T16:18:59","slug":"consiliere-si-dezvoltare-personala","status":"publish","type":"page","link":"https:\/\/astroclavis.com\/?page_id=191","title":{"rendered":"Consiliere si Dezvoltare Personala"},"content":{"rendered":"\n<p>Dezvoltare personala<\/p>\n\n\n\n<p><strong>Asisten\u021ba oferit\u0103 \u00een dezvoltarea personal\u0103 este o chemare c\u0103tre tine \u00eensu\u021bi.<\/strong><\/p>\n\n\n\n<p>O oportunitate rar\u0103 pentru cei care aleg s\u0103 lucreze cu un specialist capabil s\u0103 le activeze poten\u021bialul interior, s\u0103 le clarifice direc\u021bia \u0219i s\u0103 \u00eei conduc\u0103 spre cea mai \u00eenalt\u0103 versiune a lor, \u00eentr-un timp mult mai scurt dec\u00e2t ar reu\u0219i singuri.<\/p>\n\n\n\n<p>Pentru orice persoan\u0103 care \u00ee\u0219i dore\u0219te evolu\u021bie, dezvoltarea personal\u0103 nu mai este un moft.<br><strong>Este o necesitate profund\u0103.<\/strong><br>Un pas esen\u021bial pentru a dep\u0103\u0219i blocaje, tipare limitative, frici \u0219i pove\u0219ti vechi care nu mai au ce c\u0103uta \u00een prezentul t\u0103u.<\/p>\n\n\n\n<p>Prin dezvoltare personal\u0103, omul nu doar \u201cse cunoa\u0219te\u201d.<br>Se rescrie.<br>\u00ce\u0219i recalibreaz\u0103 mintea, emo\u021biile \u0219i energia.<br>\u00ce\u0219i transform\u0103 via\u021ba \u00eentr-un sistem interior armonizat, care func\u021bioneaz\u0103 curat, coerent \u0219i aliniat cu scopurile sale reale.<\/p>\n\n\n\n<p>Asta \u00eenseamn\u0103 evolu\u021bie autentic\u0103:<br>claritate, echilibru, putere \u0219i transformare vizibil\u0103.<\/p>\n\n\n\n<p class=\"has-text-align-center\"><strong>C\u00c2ND AI NEVOIE DE UN CONSILIER \u00ceN DEZVOLTARE PERSONAL\u0102 SAU M\u0102CAR DE UN SFAT?<\/strong><\/p>\n\n\n\n<p>     <strong>IAT\u0102 10 MOTIVE POSIBILE:<\/strong><\/p>\n\n\n\n<ol start=\"1\" class=\"wp-block-list\">\n<li><strong>C\u00e2nd sim\u021bi c\u0103 ai stagnat<\/strong>, dar nu \u0219tii de unde s\u0103 \u00eencepi schimbarea.<\/li>\n\n\n\n<li><strong>C\u00e2nd vezi blocaje repetate<\/strong>, indiferent ce \u00eencerci singur(\u0103).<\/li>\n\n\n\n<li><strong>C\u00e2nd ai nevoie de claritate imediat\u0103<\/strong>, nu doar de validare emo\u021bional\u0103.<\/li>\n\n\n\n<li><strong>C\u00e2nd \u0219tii c\u0103 ai un poten\u021bial uria\u0219<\/strong>, dar nu-l po\u021bi activa de unul(una) singur(\u0103).<\/li>\n\n\n\n<li><strong>C\u00e2nd rela\u021biile tale sc\u00e2r\u021b\u00e2ie<\/strong>, \u0219i nu mai vrei s\u0103 repe\u021bi acelea\u0219i tipare.<\/li>\n\n\n\n<li><strong>C\u00e2nd cariera sau afacerile tale au nevoie de direc\u021bie<\/strong>, nu doar de munc\u0103 \u00een plus.<\/li>\n\n\n\n<li><strong>C\u00e2nd fricile, anxietatea sau \u00eendoiala<\/strong> \u00ee\u021bi saboteaz\u0103 deciziile.<\/li>\n\n\n\n<li><strong>C\u00e2nd vrei s\u0103 \u00een\u021belegi cine e\u0219ti cu adev\u0103rat<\/strong>, dincolo de roluri, obliga\u021bii \u0219i trecut.<\/li>\n\n\n\n<li><strong>C\u00e2nd ai nevoie de un sprijin neutru<\/strong>, lucid, profesionist \u2014 nu sfaturi superficiale.<\/li>\n\n\n\n<li><strong>C\u00e2nd \u0219tii c\u0103 e timpul s\u0103 devii cea mai bun\u0103 versiune a ta<\/strong>, iar singur(\u0103) ai ajuns la limit\u0103.<\/li>\n<\/ol>\n\n\n\n<p class=\"has-text-align-center\"><strong><u>Dac\u0103 te regasesti in&nbsp; oricare dintre semnele de mai sus, \u00eenseamn\u0103 c\u0103 ai ajuns in locul potrivit.<\/u><\/strong><\/p>\n\n\n\n<p>Un consilier \u00een dezvoltare personal\u0103 poate fi exact cheia pe care sufletul t\u0103u o a\u0219teapt\u0103.<\/p>\n\n\n\n<p>Iar dac\u0103 alegi s\u0103 lucrezi cu mine, p\u0103\u0219e\u0219ti \u00eentr-un spa\u021biu rezervat celor care sunt preg\u0103ti\u021bi s\u0103 se ridice cu adev\u0103rat ca si oameni \u00eemplini\u021bi, clari, de succes, care au decis s\u0103 nu se mai lase condu\u0219i de fric\u0103, ci de viziune.<\/p>\n\n\n\n<p>Fa primul pas spre transformarea TA.<\/p>\n","protected":false},"excerpt":{"rendered":"<p>Dezvoltare personala Asisten\u021ba oferit\u0103 \u00een dezvoltarea personal\u0103 este o chemare c\u0103tre tine \u00eensu\u021bi. O oportunitate rar\u0103 pentru cei care aleg s\u0103 lucreze cu un specialist capabil s\u0103 le activeze poten\u021bialul interior, s\u0103 le clarifice direc\u021bia \u0219i s\u0103 \u00eei conduc\u0103 spre cea mai \u00eenalt\u0103 versiune a lor, \u00eentr-un timp mult mai scurt dec\u00e2t ar reu\u0219i singuri. [&hellip;]<\/p>\n","protected":false},"author":1,"featured_media":0,"parent":0,"menu_order":0,"comment_status":"closed","ping_status":"closed","template":"","meta":{"footnotes":""},"class_list":["post-191","page","type-page","status-publish","hentry"],"yoast_head":"<!-- This site is optimized with the Yoast SEO plugin v27.4 - https:\/\/yoast.com\/product\/yoast-seo-wordpress\/ -->\n<title>Consiliere si Dezvoltare Personala - Astro Clavis<\/title>\n<meta name=\"robots\" content=\"index, follow, max-snippet:-1, max-image-preview:large, max-video-preview:-1\" \/>\n<link rel=\"canonical\" href=\"https:\/\/astroclavis.com\/?page_id=191\" \/>\n<meta property=\"og:locale\" content=\"en_US\" \/>\n<meta property=\"og:type\" content=\"article\" \/>\n<meta property=\"og:title\" content=\"Consiliere si Dezvoltare Personala - Astro Clavis\" \/>\n<meta property=\"og:description\" content=\"Dezvoltare personala Asisten\u021ba oferit\u0103 \u00een dezvoltarea personal\u0103 este o chemare c\u0103tre tine \u00eensu\u021bi. O oportunitate rar\u0103 pentru cei care aleg s\u0103 lucreze cu un specialist capabil s\u0103 le activeze poten\u021bialul interior, s\u0103 le clarifice direc\u021bia \u0219i s\u0103 \u00eei conduc\u0103 spre cea mai \u00eenalt\u0103 versiune a lor, \u00eentr-un timp mult mai scurt dec\u00e2t ar reu\u0219i singuri. [&hellip;]\" \/>\n<meta property=\"og:url\" content=\"https:\/\/astroclavis.com\/?page_id=191\" \/>\n<meta property=\"og:site_name\" content=\"Astro Clavis\" \/>\n<meta property=\"article:modified_time\" content=\"2026-04-14T16:18:59+00:00\" \/>\n<meta name=\"twitter:card\" content=\"summary_large_image\" \/>\n<meta name=\"twitter:label1\" content=\"Est. reading time\" \/>\n\t<meta name=\"twitter:data1\" content=\"2 minutes\" \/>\n<script type=\"application\/ld+json\" class=\"yoast-schema-graph\">{\"@context\":\"https:\\\/\\\/schema.org\",\"@graph\":[{\"@type\":\"WebPage\",\"@id\":\"https:\\\/\\\/astroclavis.com\\\/?page_id=191\",\"url\":\"https:\\\/\\\/astroclavis.com\\\/?page_id=191\",\"name\":\"Consiliere si Dezvoltare Personala - Astro Clavis\",\"isPartOf\":{\"@id\":\"https:\\\/\\\/astroclavis.com\\\/#website\"},\"datePublished\":\"2026-04-14T16:12:05+00:00\",\"dateModified\":\"2026-04-14T16:18:59+00:00\",\"breadcrumb\":{\"@id\":\"https:\\\/\\\/astroclavis.com\\\/?page_id=191#breadcrumb\"},\"inLanguage\":\"en-US\",\"potentialAction\":[{\"@type\":\"ReadAction\",\"target\":[\"https:\\\/\\\/astroclavis.com\\\/?page_id=191\"]}]},{\"@type\":\"BreadcrumbList\",\"@id\":\"https:\\\/\\\/astroclavis.com\\\/?page_id=191#breadcrumb\",\"itemListElement\":[{\"@type\":\"ListItem\",\"position\":1,\"name\":\"Home\",\"item\":\"https:\\\/\\\/astroclavis.com\\\/\"},{\"@type\":\"ListItem\",\"position\":2,\"name\":\"Consiliere si Dezvoltare Personala\"}]},{\"@type\":\"WebSite\",\"@id\":\"https:\\\/\\\/astroclavis.com\\\/#website\",\"url\":\"https:\\\/\\\/astroclavis.com\\\/\",\"name\":\"Astro Clavis\",\"description\":\"Clavis Astro\",\"publisher\":{\"@id\":\"https:\\\/\\\/astroclavis.com\\\/#organization\"},\"potentialAction\":[{\"@type\":\"SearchAction\",\"target\":{\"@type\":\"EntryPoint\",\"urlTemplate\":\"https:\\\/\\\/astroclavis.com\\\/?s={search_term_string}\"},\"query-input\":{\"@type\":\"PropertyValueSpecification\",\"valueRequired\":true,\"valueName\":\"search_term_string\"}}],\"inLanguage\":\"en-US\"},{\"@type\":\"Organization\",\"@id\":\"https:\\\/\\\/astroclavis.com\\\/#organization\",\"name\":\"Astro Clavis\",\"url\":\"https:\\\/\\\/astroclavis.com\\\/\",\"logo\":{\"@type\":\"ImageObject\",\"inLanguage\":\"en-US\",\"@id\":\"https:\\\/\\\/astroclavis.com\\\/#\\\/schema\\\/logo\\\/image\\\/\",\"url\":\"https:\\\/\\\/astroclavis.com\\\/wp-content\\\/uploads\\\/2025\\\/12\\\/cropped-cropped-WhatsApp-Image-2025-11-23-at-12.28.38_9998251e-1.jpg\",\"contentUrl\":\"https:\\\/\\\/astroclavis.com\\\/wp-content\\\/uploads\\\/2025\\\/12\\\/cropped-cropped-WhatsApp-Image-2025-11-23-at-12.28.38_9998251e-1.jpg\",\"width\":1023,\"height\":733,\"caption\":\"Astro Clavis\"},\"image\":{\"@id\":\"https:\\\/\\\/astroclavis.com\\\/#\\\/schema\\\/logo\\\/image\\\/\"}}]}<\/script>\n<!-- \/ Yoast SEO plugin. -->","yoast_head_json":{"title":"Consiliere si Dezvoltare Personala - Astro Clavis","robots":{"index":"index","follow":"follow","max-snippet":"max-snippet:-1","max-image-preview":"max-image-preview:large","max-video-preview":"max-video-preview:-1"},"canonical":"https:\/\/astroclavis.com\/?page_id=191","og_locale":"en_US","og_type":"article","og_title":"Consiliere si Dezvoltare Personala - Astro Clavis","og_description":"Dezvoltare personala Asisten\u021ba oferit\u0103 \u00een dezvoltarea personal\u0103 este o chemare c\u0103tre tine \u00eensu\u021bi. O oportunitate rar\u0103 pentru cei care aleg s\u0103 lucreze cu un specialist capabil s\u0103 le activeze poten\u021bialul interior, s\u0103 le clarifice direc\u021bia \u0219i s\u0103 \u00eei conduc\u0103 spre cea mai \u00eenalt\u0103 versiune a lor, \u00eentr-un timp mult mai scurt dec\u00e2t ar reu\u0219i singuri. [&hellip;]","og_url":"https:\/\/astroclavis.com\/?page_id=191","og_site_name":"Astro Clavis","article_modified_time":"2026-04-14T16:18:59+00:00","twitter_card":"summary_large_image","twitter_misc":{"Est. reading time":"2 minutes"},"schema":{"@context":"https:\/\/schema.org","@graph":[{"@type":"WebPage","@id":"https:\/\/astroclavis.com\/?page_id=191","url":"https:\/\/astroclavis.com\/?page_id=191","name":"Consiliere si Dezvoltare Personala - Astro Clavis","isPartOf":{"@id":"https:\/\/astroclavis.com\/#website"},"datePublished":"2026-04-14T16:12:05+00:00","dateModified":"2026-04-14T16:18:59+00:00","breadcrumb":{"@id":"https:\/\/astroclavis.com\/?page_id=191#breadcrumb"},"inLanguage":"en-US","potentialAction":[{"@type":"ReadAction","target":["https:\/\/astroclavis.com\/?page_id=191"]}]},{"@type":"BreadcrumbList","@id":"https:\/\/astroclavis.com\/?page_id=191#breadcrumb","itemListElement":[{"@type":"ListItem","position":1,"name":"Home","item":"https:\/\/astroclavis.com\/"},{"@type":"ListItem","position":2,"name":"Consiliere si Dezvoltare Personala"}]},{"@type":"WebSite","@id":"https:\/\/astroclavis.com\/#website","url":"https:\/\/astroclavis.com\/","name":"Astro Clavis","description":"Clavis Astro","publisher":{"@id":"https:\/\/astroclavis.com\/#organization"},"potentialAction":[{"@type":"SearchAction","target":{"@type":"EntryPoint","urlTemplate":"https:\/\/astroclavis.com\/?s={search_term_string}"},"query-input":{"@type":"PropertyValueSpecification","valueRequired":true,"valueName":"search_term_string"}}],"inLanguage":"en-US"},{"@type":"Organization","@id":"https:\/\/astroclavis.com\/#organization","name":"Astro Clavis","url":"https:\/\/astroclavis.com\/","logo":{"@type":"ImageObject","inLanguage":"en-US","@id":"https:\/\/astroclavis.com\/#\/schema\/logo\/image\/","url":"https:\/\/astroclavis.com\/wp-content\/uploads\/2025\/12\/cropped-cropped-WhatsApp-Image-2025-11-23-at-12.28.38_9998251e-1.jpg","contentUrl":"https:\/\/astroclavis.com\/wp-content\/uploads\/2025\/12\/cropped-cropped-WhatsApp-Image-2025-11-23-at-12.28.38_9998251e-1.jpg","width":1023,"height":733,"caption":"Astro Clavis"},"image":{"@id":"https:\/\/astroclavis.com\/#\/schema\/logo\/image\/"}}]}},"_links":{"self":[{"href":"https:\/\/astroclavis.com\/index.php?rest_route=\/wp\/v2\/pages\/191","targetHints":{"allow":["GET"]}}],"collection":[{"href":"https:\/\/astroclavis.com\/index.php?rest_route=\/wp\/v2\/pages"}],"about":[{"href":"https:\/\/astroclavis.com\/index.php?rest_route=\/wp\/v2\/types\/page"}],"author":[{"embeddable":true,"href":"https:\/\/astroclavis.com\/index.php?rest_route=\/wp\/v2\/users\/1"}],"replies":[{"embeddable":true,"href":"https:\/\/astroclavis.com\/index.php?rest_route=%2Fwp%2Fv2%2Fcomments&post=191"}],"version-history":[{"count":2,"href":"https:\/\/astroclavis.com\/index.php?rest_route=\/wp\/v2\/pages\/191\/revisions"}],"predecessor-version":[{"id":196,"href":"https:\/\/astroclavis.com\/index.php?rest_route=\/wp\/v2\/pages\/191\/revisions\/196"}],"wp:attachment":[{"href":"https:\/\/astroclavis.com\/index.php?rest_route=%2Fwp%2Fv2%2Fmedia&parent=191"}],"curies":[{"name":"wp","href":"https:\/\/api.w.org\/{rel}","templated":true}]}}